{"id":282,"date":"2021-04-08T14:47:47","date_gmt":"2021-04-08T14:47:47","guid":{"rendered":"https:\/\/www.hogaresfaustinollamas.org\/newammk\/index.php\/contact\/"},"modified":"2025-11-11T17:48:17","modified_gmt":"2025-11-11T17:48:17","slug":"contacto","status":"publish","type":"page","link":"https:\/\/www.hogaresfaustinollamas.org\/ammk\/contacto\/","title":{"rendered":"Contacto"},"content":{"rendered":"\n<div class=\"wp-block-citadela-blocks-custom-container citadela-block-custom-container size-fullwidth bg-type-color inside-space-none has-bg\" style=\"background-color:rgba(38, 137, 173, 1)\"><div class=\"inner-holder\">\n<div class=\"wp-block-citadela-blocks-spacer citadela-block-spacer responsive-options loading\" data-block-attr=\"{&quot;desktop&quot;:{&quot;height&quot;:&quot;8px&quot;},&quot;mobile&quot;:{&quot;height&quot;:&quot;0px&quot;}}\" data-block-mobile-breakpoint=\"600\"><div class=\"inner-holder\" style=\"padding-top:8px\"><\/div><\/div>\n\n\n\n<div class=\"wp-block-columns is-layout-flex wp-container-core-columns-is-layout-9d6595d7 wp-block-columns-is-layout-flex\">\n<div class=\"wp-block-column is-layout-flow wp-block-column-is-layout-flow\">\n<div class=\"wp-block-citadela-blocks-custom-container citadela-block-custom-container size-content bg-type-image inside-space-large bg-size-auto has-bg has-overlay has-border has-min-height vertical-align-center\" style=\"min-height:55vh;background-color:rgba(15, 86, 119, 1);border:2px solid rgba(255, 255, 255, 1)\"><div class=\"bg-image-wrapper\" style=\"background-image:url(https:\/\/www.hogaresfaustinollamas.org\/newammk\/wp-content\/uploads\/2025\/03\/flor-sola-horizontal-abajo.png);background-repeat:no-repeat;background-position:90% 96%\"><\/div><div class=\"bg-image-overlay\" style=\"opacity:0.5\"><\/div><div class=\"inner-holder\" style=\"max-width:670px\">\n<div class=\"wp-block-citadela-blocks-custom-container citadela-block-custom-container size-content bg-type-none inside-space-zero has-min-height vertical-align-center\" style=\"min-height:500px\"><div class=\"inner-holder\">         <div \n            class=\"citadela-block-responsive-text weight-900 align-left\"\n                                 >\n            <p class=\"inner-tag\" style=\"font-size: 17px; font-weight: 900; letter-spacing: 0.71em; color: #ffffff;\">CONTACTO<\/p>         <\/div>\n      \n\n         <div \n            class=\"citadela-block-responsive-text weight-800 align-left no-margins responsive-options loading\"\n            data-block-mobile-attr=\"{&quot;desktop&quot;:{&quot;fontSize&quot;:&quot;50px&quot;,&quot;lineHeight&quot;:1},&quot;mobile&quot;:{&quot;fontSize&quot;:&quot;50px&quot;,&quot;lineHeight&quot;:1}}\"            data-block-mobile-breakpoint=\"1150\"         >\n            <h3 class=\"inner-tag\" style=\"font-size: 50px; font-weight: 800; line-height: 1; color: #e4d9fa;\">Comun\u00edcate con nosotros<br><\/h3>         <\/div>\n      \n\n\n<div class=\"wp-block-citadela-blocks-spacer citadela-block-spacer\"><div class=\"inner-holder\" style=\"padding-top:40px\"><\/div><\/div>\n\n\n\n<div class=\"wp-block-buttons is-layout-flex wp-block-buttons-is-layout-flex\">\n<div class=\"wp-block-button is-style-outline is-style-outline--1\"><a class=\"wp-block-button__link has-white-color has-text-color has-background wp-element-button\" href=\"mailto:direccionhogaresfaustinollamas@gmail.com\" style=\"background-color:#4c317e\" target=\"_blank\" rel=\"noreferrer noopener\">direccionhogaresfaustinollamas<br><strong>@gmail.com<\/strong><\/a><\/div>\n\n\n\n<div class=\"wp-block-button is-style-outline is-style-outline--2\"><a class=\"wp-block-button__link has-white-background-color has-text-color has-background wp-element-button\" href=\"http:\/\/+524422844196\" style=\"color:#714bb7\" target=\"_blank\" rel=\"noreferrer noopener\"><strong>+442 2844196<\/strong><\/a><\/div>\n<\/div>\n\n\n\n<div class=\"wp-block-citadela-blocks-spacer citadela-block-spacer responsive-options loading\" data-block-attr=\"{&quot;desktop&quot;:{&quot;height&quot;:&quot;20px&quot;},&quot;mobile&quot;:{&quot;height&quot;:&quot;0px&quot;}}\" data-block-mobile-breakpoint=\"600\"><div class=\"inner-holder\" style=\"padding-top:20px\"><\/div><\/div>\n<\/div><\/div>\n<\/div><\/div>\n<\/div>\n\n\n\n<div class=\"wp-block-column is-layout-flow wp-block-column-is-layout-flow\">\n<iframe src=\"https:\/\/www.google.com\/maps\/embed?pb=!1m18!1m12!1m3!1d3733.481592684065!2d-100.39678798890283!3d20.649977080826655!2m3!1f0!2f0!3f0!3m2!1i1024!2i768!4f13.1!3m3!1m2!1s0x85d35bb2ce1d7aff%3A0x9c5941580b393915!2sCapilla%20San%20Maximiliano%20Maria%20Kolbe!5e0!3m2!1ses!2smx!4v1741376973518!5m2!1ses!2smx\" width=\"600\" height=\"450\" style=\"border:0;\" allowfullscreen=\"\" loading=\"lazy\" referrerpolicy=\"no-referrer-when-downgrade\"><\/iframe>\n\n\n\n<div class=\"wp-block-citadela-blocks-spacer citadela-block-spacer\"><div class=\"inner-holder\" style=\"padding-top:20px\"><\/div><\/div>\n\n\n\n<p class=\"has-text-align-center has-white-color has-text-color has-link-color wp-elements-80ba38ad29ff6ca3ced49b8ba271e781\">DIRECCI\u00d3N PE\u00d1UELAS:<br>Av. Portal de Samaniego 101<br>Col. Lomas de San Pedrito Pe\u00f1uelas<br>C.P. 76148<br>Quer\u00e9taro, Qro.<br><br>DIRECCI\u00d3N LOMAS:<br>Calle 21 No 1005<br>Col. Lomas de Casa Blanca<br>C.P. 76080<br>Quer\u00e9taro, Qro.<\/p>\n<\/div>\n<\/div>\n\n\n\n<div class=\"wp-block-citadela-blocks-spacer citadela-block-spacer\"><div class=\"inner-holder\" style=\"padding-top:20px\"><\/div><\/div>\n<\/div><\/div>\n\n\n\n<div class=\"wp-block-citadela-blocks-spacer citadela-block-spacer negative-height\"><div class=\"inner-holder\" style=\"margin-top:-6em\"><\/div><\/div>\n","protected":false},"excerpt":{"rendered":"","protected":false},"author":1,"featured_media":0,"parent":0,"menu_order":0,"comment_status":"closed","ping_status":"closed","template":"","meta":{"_citadela_hide_page_title":"1","_citadela_remove_header_space":"1","_citadela_custom_class":"","_citadela_half_map_provider":"","_citadela_half_map_theme":"","_citadela_half_map_themeOSM":"","_citadela_half_map_customTheme":"","_citadela_half_map_dataType":"","_citadela_half_map_dynamicTrack":false,"_citadela_half_map_trackColor":"","_citadela_half_map_trackEndpointsColor":"","_citadela_half_map_filterCategory":"","_citadela_half_map_filterLocation":"","_citadela_half_map_filterFeatured":false,"_citadela_half_map_noDataBehavior":"empty-map","_citadela_half_map_noDataText":"","_citadela_half_map_clusterGridSize":80,"_citadela_header":false,"_citadela_header_over_content":false,"_citadela_header_text_color":"","_citadela_header_logo":[],"_citadela_header_bg_image":[],"_citadela_header_bg_position":{"x":0.5,"y":0.5},"_citadela_header_bg_size":"cover","_citadela_header_bg_repeat":"no-repeat","_citadela_header_bg_fixed":false,"_citadela_header_bg_color":"","_citadela_header_bg_image_overlay":"","_citadela_header_transparent_bg":false,"_citadela_content_width":"wide","_citadela_half_layout_position":"","footnotes":""},"class_list":["post-282","page","type-page","status-publish","hentry"],"yoast_head":"<!-- This site is optimized with the Yoast SEO plugin v26.4 - https:\/\/yoast.com\/wordpress\/plugins\/seo\/ -->\n<title>Contacto - Maximiliano Mar\u00eda Kolbe IAP<\/title>\n<meta name=\"robots\" content=\"index, follow, max-snippet:-1, max-image-preview:large, max-video-preview:-1\" \/>\n<link rel=\"canonical\" href=\"https:\/\/www.hogaresfaustinollamas.org\/ammk\/contacto\/\" \/>\n<meta property=\"og:locale\" content=\"es_MX\" \/>\n<meta property=\"og:type\" content=\"article\" \/>\n<meta property=\"og:title\" content=\"Contacto - Maximiliano Mar\u00eda Kolbe IAP\" \/>\n<meta property=\"og:url\" content=\"https:\/\/www.hogaresfaustinollamas.org\/ammk\/contacto\/\" \/>\n<meta property=\"og:site_name\" content=\"Maximiliano Mar\u00eda Kolbe IAP\" \/>\n<meta property=\"article:publisher\" content=\"https:\/\/www.facebook.com\/casahogarmaximilianomariakolbe\/\" \/>\n<meta property=\"article:modified_time\" content=\"2025-11-11T17:48:17+00:00\" \/>\n<meta name=\"twitter:card\" content=\"summary_large_image\" \/>\n<meta name=\"twitter:label1\" content=\"Tiempo de lectura\" \/>\n\t<meta name=\"twitter:data1\" content=\"1 minuto\" \/>\n<script type=\"application\/ld+json\" class=\"yoast-schema-graph\">{\"@context\":\"https:\/\/schema.org\",\"@graph\":[{\"@type\":\"WebPage\",\"@id\":\"https:\/\/www.hogaresfaustinollamas.org\/ammk\/contacto\/\",\"url\":\"https:\/\/www.hogaresfaustinollamas.org\/ammk\/contacto\/\",\"name\":\"Contacto - Maximiliano Mar\u00eda Kolbe IAP\",\"isPartOf\":{\"@id\":\"https:\/\/www.hogaresfaustinollamas.org\/ammk\/#website\"},\"datePublished\":\"2021-04-08T14:47:47+00:00\",\"dateModified\":\"2025-11-11T17:48:17+00:00\",\"breadcrumb\":{\"@id\":\"https:\/\/www.hogaresfaustinollamas.org\/ammk\/contacto\/#breadcrumb\"},\"inLanguage\":\"es\",\"potentialAction\":[{\"@type\":\"ReadAction\",\"target\":[\"https:\/\/www.hogaresfaustinollamas.org\/ammk\/contacto\/\"]}]},{\"@type\":\"BreadcrumbList\",\"@id\":\"https:\/\/www.hogaresfaustinollamas.org\/ammk\/contacto\/#breadcrumb\",\"itemListElement\":[{\"@type\":\"ListItem\",\"position\":1,\"name\":\"Inicio\",\"item\":\"https:\/\/www.hogaresfaustinollamas.org\/ammk\/\"},{\"@type\":\"ListItem\",\"position\":2,\"name\":\"Contacto\"}]},{\"@type\":\"WebSite\",\"@id\":\"https:\/\/www.hogaresfaustinollamas.org\/ammk\/#website\",\"url\":\"https:\/\/www.hogaresfaustinollamas.org\/ammk\/\",\"name\":\"ASOCIACI\u00d3N MAXIMILIANO MAR\u00cdA KOLBE, I.A.P\",\"description\":\"CASA HOGAR\",\"publisher\":{\"@id\":\"https:\/\/www.hogaresfaustinollamas.org\/ammk\/#organization\"},\"potentialAction\":[{\"@type\":\"SearchAction\",\"target\":{\"@type\":\"EntryPoint\",\"urlTemplate\":\"https:\/\/www.hogaresfaustinollamas.org\/ammk\/?s={search_term_string}\"},\"query-input\":{\"@type\":\"PropertyValueSpecification\",\"valueRequired\":true,\"valueName\":\"search_term_string\"}}],\"inLanguage\":\"es\"},{\"@type\":\"Organization\",\"@id\":\"https:\/\/www.hogaresfaustinollamas.org\/ammk\/#organization\",\"name\":\"ASOCIACI\u00d3N MAXIMILIANO MAR\u00cdA KOLBE, I.A.P\",\"url\":\"https:\/\/www.hogaresfaustinollamas.org\/ammk\/\",\"logo\":{\"@type\":\"ImageObject\",\"inLanguage\":\"es\",\"@id\":\"https:\/\/www.hogaresfaustinollamas.org\/ammk\/#\/schema\/logo\/image\/\",\"url\":\"https:\/\/www.hogaresfaustinollamas.org\/newammk\/wp-content\/uploads\/2025\/03\/logo-kolbe-web-120-px.png\",\"contentUrl\":\"https:\/\/www.hogaresfaustinollamas.org\/newammk\/wp-content\/uploads\/2025\/03\/logo-kolbe-web-120-px.png\",\"width\":120,\"height\":120,\"caption\":\"ASOCIACI\u00d3N MAXIMILIANO MAR\u00cdA KOLBE, I.A.P\"},\"image\":{\"@id\":\"https:\/\/www.hogaresfaustinollamas.org\/ammk\/#\/schema\/logo\/image\/\"},\"sameAs\":[\"https:\/\/www.facebook.com\/casahogarmaximilianomariakolbe\/\",\"https:\/\/www.instagram.com\/maximilianomkolbe\/\"]}]}<\/script>\n<!-- \/ Yoast SEO plugin. -->","yoast_head_json":{"title":"Contacto - Maximiliano Mar\u00eda Kolbe IAP","robots":{"index":"index","follow":"follow","max-snippet":"max-snippet:-1","max-image-preview":"max-image-preview:large","max-video-preview":"max-video-preview:-1"},"canonical":"https:\/\/www.hogaresfaustinollamas.org\/ammk\/contacto\/","og_locale":"es_MX","og_type":"article","og_title":"Contacto - Maximiliano Mar\u00eda Kolbe IAP","og_url":"https:\/\/www.hogaresfaustinollamas.org\/ammk\/contacto\/","og_site_name":"Maximiliano Mar\u00eda Kolbe IAP","article_publisher":"https:\/\/www.facebook.com\/casahogarmaximilianomariakolbe\/","article_modified_time":"2025-11-11T17:48:17+00:00","twitter_card":"summary_large_image","twitter_misc":{"Tiempo de lectura":"1 minuto"},"schema":{"@context":"https:\/\/schema.org","@graph":[{"@type":"WebPage","@id":"https:\/\/www.hogaresfaustinollamas.org\/ammk\/contacto\/","url":"https:\/\/www.hogaresfaustinollamas.org\/ammk\/contacto\/","name":"Contacto - Maximiliano Mar\u00eda Kolbe IAP","isPartOf":{"@id":"https:\/\/www.hogaresfaustinollamas.org\/ammk\/#website"},"datePublished":"2021-04-08T14:47:47+00:00","dateModified":"2025-11-11T17:48:17+00:00","breadcrumb":{"@id":"https:\/\/www.hogaresfaustinollamas.org\/ammk\/contacto\/#breadcrumb"},"inLanguage":"es","potentialAction":[{"@type":"ReadAction","target":["https:\/\/www.hogaresfaustinollamas.org\/ammk\/contacto\/"]}]},{"@type":"BreadcrumbList","@id":"https:\/\/www.hogaresfaustinollamas.org\/ammk\/contacto\/#breadcrumb","itemListElement":[{"@type":"ListItem","position":1,"name":"Inicio","item":"https:\/\/www.hogaresfaustinollamas.org\/ammk\/"},{"@type":"ListItem","position":2,"name":"Contacto"}]},{"@type":"WebSite","@id":"https:\/\/www.hogaresfaustinollamas.org\/ammk\/#website","url":"https:\/\/www.hogaresfaustinollamas.org\/ammk\/","name":"ASOCIACI\u00d3N MAXIMILIANO MAR\u00cdA KOLBE, I.A.P","description":"CASA HOGAR","publisher":{"@id":"https:\/\/www.hogaresfaustinollamas.org\/ammk\/#organization"},"potentialAction":[{"@type":"SearchAction","target":{"@type":"EntryPoint","urlTemplate":"https:\/\/www.hogaresfaustinollamas.org\/ammk\/?s={search_term_string}"},"query-input":{"@type":"PropertyValueSpecification","valueRequired":true,"valueName":"search_term_string"}}],"inLanguage":"es"},{"@type":"Organization","@id":"https:\/\/www.hogaresfaustinollamas.org\/ammk\/#organization","name":"ASOCIACI\u00d3N MAXIMILIANO MAR\u00cdA KOLBE, I.A.P","url":"https:\/\/www.hogaresfaustinollamas.org\/ammk\/","logo":{"@type":"ImageObject","inLanguage":"es","@id":"https:\/\/www.hogaresfaustinollamas.org\/ammk\/#\/schema\/logo\/image\/","url":"https:\/\/www.hogaresfaustinollamas.org\/newammk\/wp-content\/uploads\/2025\/03\/logo-kolbe-web-120-px.png","contentUrl":"https:\/\/www.hogaresfaustinollamas.org\/newammk\/wp-content\/uploads\/2025\/03\/logo-kolbe-web-120-px.png","width":120,"height":120,"caption":"ASOCIACI\u00d3N MAXIMILIANO MAR\u00cdA KOLBE, I.A.P"},"image":{"@id":"https:\/\/www.hogaresfaustinollamas.org\/ammk\/#\/schema\/logo\/image\/"},"sameAs":["https:\/\/www.facebook.com\/casahogarmaximilianomariakolbe\/","https:\/\/www.instagram.com\/maximilianomkolbe\/"]}]}},"_links":{"self":[{"href":"https:\/\/www.hogaresfaustinollamas.org\/ammk\/wp-json\/wp\/v2\/pages\/282","targetHints":{"allow":["GET"]}}],"collection":[{"href":"https:\/\/www.hogaresfaustinollamas.org\/ammk\/wp-json\/wp\/v2\/pages"}],"about":[{"href":"https:\/\/www.hogaresfaustinollamas.org\/ammk\/wp-json\/wp\/v2\/types\/page"}],"author":[{"embeddable":true,"href":"https:\/\/www.hogaresfaustinollamas.org\/ammk\/wp-json\/wp\/v2\/users\/1"}],"replies":[{"embeddable":true,"href":"https:\/\/www.hogaresfaustinollamas.org\/ammk\/wp-json\/wp\/v2\/comments?post=282"}],"version-history":[{"count":18,"href":"https:\/\/www.hogaresfaustinollamas.org\/ammk\/wp-json\/wp\/v2\/pages\/282\/revisions"}],"predecessor-version":[{"id":796,"href":"https:\/\/www.hogaresfaustinollamas.org\/ammk\/wp-json\/wp\/v2\/pages\/282\/revisions\/796"}],"wp:attachment":[{"href":"https:\/\/www.hogaresfaustinollamas.org\/ammk\/wp-json\/wp\/v2\/media?parent=282"}],"curies":[{"name":"wp","href":"https:\/\/api.w.org\/{rel}","templated":true}]}}